{"id":3,"date":"2022-11-03T08:46:22","date_gmt":"2022-11-03T08:46:22","guid":{"rendered":"https:\/\/www.atplast.se\/?page_id=3"},"modified":"2023-05-16T11:57:36","modified_gmt":"2023-05-16T11:57:36","slug":"integritetspolicy","status":"publish","type":"page","link":"https:\/\/www.atplast.se\/en\/integritetspolicy\/","title":{"rendered":"Privacy policy"},"content":{"rendered":"<p>&#8211; Registeransvarige: <strong>Atplast Oy <\/strong>&nbsp;F-nummer 1455754-7<\/p>\n\n\n\n<p>-Kontaktuppgifter: t. (+358) 40&nbsp;1794 303, <a href=\"mailto:asiakaspalvelu@atplast.fi\">asiakaspalvelu@atplast.fi<\/a><\/p>\n\n\n\n<p>Atplast Oy<\/p>\n\n\n\n<p>har \u00e5tagit sig att skydda kunddata och f\u00f6lja sekretessregleringar i enlighet med vid varje tidpunkt g\u00e4llande lagstiftning.<\/p>\n\n\n\n<p>Registrets huvudsakliga syfte \u00e4r hantering och underh\u00e5ll av kundrelationer. Uppgifterna i registret anv\u00e4nds f\u00f6r att producera och implementera tj\u00e4nster \u00e5t kunder, f\u00f6r kommunikation riktad till kunden, f\u00f6r faktureringstj\u00e4nster och f\u00f6r att samla in betalningar och f\u00f6r indrivning av betalningar fr\u00e5n kunder samt f\u00f6r marknadsf\u00f6ring.<br>Grunden f\u00f6r att f\u00f6ra registret och behandla personuppgifter, \u00e4r att uppfylla kundens och den personuppgiftsansvariges r\u00e4ttigheter och skyldigheter.<\/p>\n\n\n\n<p><strong>Information som samlas in om kunder<\/strong><\/p>\n\n\n\n<p>Registret kan till exempel inneh\u00e5lla f\u00f6ljande uppgifter: personens namn, e-postadress, mobil- och\/eller \u00f6vrigt telefonnummer, k\u00f6phistorik, avtal, fakturor, leveranser, kontaktlogg. F\u00f6r icke-privat kunder lagras f\u00f6ljande uppgifter i registret: organisations namn, namn och st\u00e4llning av kontaktperson, organisations F-nummer eller motsvarande samt organisationsadress.<\/p>\n\n\n\n<p>Uppgifter behandlas i enlighet med sekretessklassificeringen \u201dkonfidentiell\u201d.<\/p>\n\n\n\n<p>Uppgifterna samlas in fr\u00e5n den registrerade sj\u00e4lv i samband med registrering av kundf\u00f6rh\u00e5llandet och f\u00f6r organisationens information kan uppgifterna eventuellt h\u00e4mtas fr\u00e5n Patent- och registerstyrelsens f\u00f6retagsinformationssystem f\u00f6r F\u00f6retag- och samfund.<\/p>\n\n\n\n<p>Det beh\u00f6vs inget separat samtycke f\u00f6r att samla in personuppgifter, f\u00f6r eftersom grunden f\u00f6r att f\u00f6ra registret och behandla personuppgifter \u00e4r att uppfylla kundens och den personuppgiftsansvariges r\u00e4ttigheter och skyldigheter.<\/p>\n\n\n\n<p>Den registrerade har m\u00f6jlighet att se och granska uppgifterna om sig sj\u00e4lv och uppgifterna kan r\u00e4ttas vid behov. Den registrerade personen har r\u00e4tt att begr\u00e4nsa anv\u00e4ndningen av uppgifter om sig sj\u00e4lv f\u00f6r marknadskommunikation.<\/p>\n\n\n\n<p><strong>Webbplatscookies<\/strong><\/p>\n\n\n\n<p>Vi anv\u00e4nder cookies och liknande tekniker f\u00f6r att underl\u00e4tta anv\u00e4ndningen av v\u00e5r webbplats och f\u00f6r att garantera informationss\u00e4kerhet samt f\u00f6r att producera statistisk information om anv\u00e4ndning av webbplats och f\u00f6r att utveckla inneh\u00e5llet i webbsidorna.<\/p>\n\n\n\n<p>Cookies \u00e4r i allm\u00e4nhet filer p\u00e5 webbplatsen, som webbl\u00e4saren sparar p\u00e5 maskinens h\u00e5rddisk f\u00f6r att kunna anv\u00e4nda webbsidan. Cookies ber\u00e4ttar t.ex, om anv\u00e4ndaren har bes\u00f6kt sidan tidigare, eller om det \u00e4r fr\u00e5ga om en ny anv\u00e4ndare.<\/p>\n\n\n\n<p>Enbart cookies samlar inte in personlig information om webbplatsbes\u00f6kare fr\u00e5n vilken en enskild bes\u00f6kare kan identifieras. Det \u00e4r m\u00f6jligt att inaktivera cookies. &nbsp;Radering sker i webbl\u00e4sarinst\u00e4llningarna. Om funktionen \u00e4r avst\u00e4ngd, \u00e4r det bra att ta i beaktande, att cookies kan vara n\u00f6dv\u00e4ndiga f\u00f6r att webbplatsen ska fungera korrekt.<\/p>\n\n\n\n<p><strong>Offentligg\u00f6rande av information<\/strong><\/p>\n\n\n\n<p>Den registeransvarige l\u00e4mnar inte \u00f6ver uppgifterna i registret till utomst\u00e5ende, f\u00f6rutom med undantag f\u00f6r genomf\u00f6randet av kundens och registeransvariges r\u00e4ttigheter och skyldigheter, eller n\u00e4r finska myndigheter kr\u00e4ver det. Den registeransvarige flyttar inte personuppgifterna i registret utanf\u00f6r EU eller ETA, f\u00f6rutom med undantag f\u00f6r genomf\u00f6randet av kundens och registeransvariges r\u00e4ttigheter och skyldigheter, eller n\u00e4r finska myndigheter kr\u00e4ver det.<\/p>\n\n\n\n<p><strong>Lagring av registeruppgifter<\/strong><\/p>\n\n\n\n<p>Uppgifterna kommer att raderas och den registrerade kan kr\u00e4va radering av uppgifter om sig sj\u00e4lv efter kundf\u00f6rh\u00e5llandet har upph\u00f6rt och efter att alla r\u00e4ttigheter och skyldigheter f\u00f6r kunden och den registeransvarige har uppfyllts. Informationen kan markeras som arkiverade\/icke-aktiva eller som pseudonymiserade.&nbsp; Registret kontrolleras regelbundet f\u00f6r inaktuell information.<\/p>\n\n\n\n<p>Du har r\u00e4tt att inv\u00e4nda mot eller begr\u00e4nsa behandlingen av dina personuppgifter i situationer som definieras av dataskyddsf\u00f6rordningen och av annan i Finland till\u00e4mpad lagstiftning. Om du upplever, att dina personuppgifter har behandlats i strid med lagstiftningen i denna dataskyddsklausul och annan till\u00e4mplig lag, har du r\u00e4tt att l\u00e4mna in ett klagom\u00e5l till dataskyddsombudet. Kontaktuppgifter finns l\u00e4ngst ner i detta dokument. Du kan skicka f\u00f6rfr\u00e5gningar relaterade till denna sekretesspolicy till den angivna adressen.<\/p>\n\n\n\n<p>Kontaktuppgifter till Tillsynsmyndighet: Dataskyddsombuds byr\u00e5, <a href=\"https:\/\/tietosuoja.fi\/sv\/kontaktuppgifter\">tietosuoja.fi\/sv\/kontaktuppgifter<\/a>.<\/p>\n\n\n\n<p>Uppdaterad senast 15.5.2023<\/p>\n\n\n\n<p>Vi utvecklar v\u00e5r service kontinuerligt och vi f\u00f6rbeh\u00e5ller oss r\u00e4tten att \u00e4ndra dataskyddsklausulen om v\u00e5r verksamhet och service utvecklas och om lagstiftningen och tolkningen av lagen eventuellt f\u00f6r\u00e4ndras.<\/p>\n\n\n\n<p>Obeh\u00f6rig \u00e5tkomst till information och enheter som inneh\u00e5ller data f\u00f6rhindras med olika tekniska och administrativa medel.<\/p>","protected":false},"excerpt":{"rendered":"<p>&#8211; Registeransvarige: Atplast Oy &nbsp;F-nummer 1455754-7 -Kontaktuppgifter: t. (+358) 40&nbsp;1794 303, asiakaspalvelu@atplast.fi Atplast Oy har \u00e5tagit sig att skydda kunddata och f\u00f6lja sekretessregleringar i enlighet med vid varje tidpunkt g\u00e4llande lagstiftning. Registrets huvudsakliga syfte \u00e4r hantering och underh\u00e5ll av kundrelationer. Uppgifterna i registret anv\u00e4nds f\u00f6r att producera och implementera tj\u00e4nster \u00e5t kunder, f\u00f6r kommunikation riktad [&hellip;]<\/p>","protected":false},"author":1,"featured_media":0,"parent":0,"menu_order":0,"comment_status":"closed","ping_status":"open","template":"","meta":[],"_links":{"self":[{"href":"https:\/\/www.atplast.se\/en\/wp-json\/wp\/v2\/pages\/3"}],"collection":[{"href":"https:\/\/www.atplast.se\/en\/wp-json\/wp\/v2\/pages"}],"about":[{"href":"https:\/\/www.atplast.se\/en\/wp-json\/wp\/v2\/types\/page"}],"author":[{"embeddable":true,"href":"https:\/\/www.atplast.se\/en\/wp-json\/wp\/v2\/users\/1"}],"replies":[{"embeddable":true,"href":"https:\/\/www.atplast.se\/en\/wp-json\/wp\/v2\/comments?post=3"}],"version-history":[{"count":4,"href":"https:\/\/www.atplast.se\/en\/wp-json\/wp\/v2\/pages\/3\/revisions"}],"predecessor-version":[{"id":924,"href":"https:\/\/www.atplast.se\/en\/wp-json\/wp\/v2\/pages\/3\/revisions\/924"}],"wp:attachment":[{"href":"https:\/\/www.atplast.se\/en\/wp-json\/wp\/v2\/media?parent=3"}],"curies":[{"name":"wp","href":"https:\/\/api.w.org\/{rel}","templated":true}]}}