{"id":364,"date":"2022-11-08T08:25:13","date_gmt":"2022-11-08T08:25:13","guid":{"rendered":"https:\/\/www.atplast.se\/?page_id=364"},"modified":"2023-06-06T07:54:08","modified_gmt":"2023-06-06T07:54:08","slug":"produkter","status":"publish","type":"page","link":"https:\/\/www.atplast.se\/en\/produkter\/","title":{"rendered":"Products"},"content":{"rendered":"<div data-elementor-type=\"wp-page\" data-elementor-id=\"364\" class=\"elementor elementor-364\">\n\t\t\t\t\t\t\t\t\t<section class=\"elementor-section elementor-top-section elementor-element elementor-element-ecab32e elementor-section-height-min-height elementor-section-boxed elementor-section-height-default elementor-section-items-middle\" data-id=\"ecab32e\" data-element_type=\"section\" data-settings=\"{&quot;background_background&quot;:&quot;slideshow&quot;,&quot;background_slideshow_gallery&quot;:[{&quot;id&quot;:306,&quot;url&quot;:&quot;https:\\\/\\\/www.atplast.se\\\/wp-content\\\/uploads\\\/2022\\\/11\\\/Atplast-ilmakuva-kevat-scaled.jpg&quot;},{&quot;id&quot;:39,&quot;url&quot;:&quot;https:\\\/\\\/www.atplast.se\\\/wp-content\\\/uploads\\\/2022\\\/11\\\/Arimatto1-scaled.jpg&quot;},{&quot;id&quot;:40,&quot;url&quot;:&quot;https:\\\/\\\/www.atplast.se\\\/wp-content\\\/uploads\\\/2022\\\/11\\\/Arimatto-scaled.jpg&quot;},{&quot;id&quot;:336,&quot;url&quot;:&quot;https:\\\/\\\/www.atplast.se\\\/wp-content\\\/uploads\\\/2022\\\/11\\\/20160224-IMG_1946-scaled.jpg&quot;},{&quot;id&quot;:325,&quot;url&quot;:&quot;https:\\\/\\\/www.atplast.se\\\/wp-content\\\/uploads\\\/2022\\\/11\\\/20160223-IMG_1866-scaled.jpg&quot;},{&quot;id&quot;:315,&quot;url&quot;:&quot;https:\\\/\\\/www.atplast.se\\\/wp-content\\\/uploads\\\/2022\\\/11\\\/20160309-IMG_2096-scaled.jpg&quot;},{&quot;id&quot;:314,&quot;url&quot;:&quot;https:\\\/\\\/www.atplast.se\\\/wp-content\\\/uploads\\\/2022\\\/11\\\/20160229-IMG_2027-scaled.jpg&quot;}],&quot;background_slideshow_loop&quot;:&quot;yes&quot;,&quot;background_slideshow_slide_duration&quot;:5000,&quot;background_slideshow_slide_transition&quot;:&quot;fade&quot;,&quot;background_slideshow_transition_duration&quot;:500}\">\n\t\t\t\t\t\t\t<div class=\"elementor-background-overlay\"><\/div>\n\t\t\t\t\t\t\t<div class=\"elementor-container elementor-column-gap-default\">\n\t\t\t\t\t<div class=\"elementor-column elementor-col-100 elementor-top-column elementor-element elementor-element-75cf539\" data-id=\"75cf539\" data-element_type=\"column\" data-settings=\"{&quot;background_background&quot;:&quot;classic&quot;}\">\n\t\t\t<div class=\"elementor-widget-wrap elementor-element-populated\">\n\t\t\t\t\t\t\t\t<div class=\"elementor-element elementor-element-9bf1652 elementor-widget elementor-widget-heading\" data-id=\"9bf1652\" data-element_type=\"widget\" data-widget_type=\"heading.default\">\n\t\t\t\t<div class=\"elementor-widget-container\">\n\t\t\t<style>\/*! elementor - v3.13.3 - 28-05-2023 *\/\n.elementor-heading-title{padding:0;margin:0;line-height:1}.elementor-widget-heading .elementor-heading-title[class*=elementor-size-]>a{color:inherit;font-size:inherit;line-height:inherit}.elementor-widget-heading .elementor-heading-title.elementor-size-small{font-size:15px}.elementor-widget-heading .elementor-heading-title.elementor-size-medium{font-size:19px}.elementor-widget-heading .elementor-heading-title.elementor-size-large{font-size:29px}.elementor-widget-heading .elementor-heading-title.elementor-size-xl{font-size:39px}.elementor-widget-heading .elementor-heading-title.elementor-size-xxl{font-size:59px}<\/style><h2 class=\"elementor-heading-title elementor-size-default\">Atplast products<\/h2>\t\t<\/div>\n\t\t\t\t<\/div>\n\t\t\t\t<div class=\"elementor-element elementor-element-047f3dd elementor-widget__width-initial elementor-widget elementor-widget-text-editor\" data-id=\"047f3dd\" data-element_type=\"widget\" data-widget_type=\"text-editor.default\">\n\t\t\t\t<div class=\"elementor-widget-container\">\n\t\t\t<style>\/*! elementor - v3.13.3 - 28-05-2023 *\/\n.elementor-widget-text-editor.elementor-drop-cap-view-stacked .elementor-drop-cap{background-color:#69727d;color:#fff}.elementor-widget-text-editor.elementor-drop-cap-view-framed .elementor-drop-cap{color:#69727d;border:3px solid;background-color:transparent}.elementor-widget-text-editor:not(.elementor-drop-cap-view-default) .elementor-drop-cap{margin-top:8px}.elementor-widget-text-editor:not(.elementor-drop-cap-view-default) .elementor-drop-cap-letter{width:1em;height:1em}.elementor-widget-text-editor .elementor-drop-cap{float:left;text-align:center;line-height:1;font-size:50px}.elementor-widget-text-editor .elementor-drop-cap-letter{display:inline-block}<\/style>\t\t\t\t\t\t\t\t\t\t<\/div>\n\t\t\t\t<\/div>\n\t\t\t\t<div class=\"elementor-element elementor-element-321119b elementor-widget elementor-widget-menu-anchor\" data-id=\"321119b\" data-element_type=\"widget\" data-widget_type=\"menu-anchor.default\">\n\t\t\t\t<div class=\"elementor-widget-container\">\n\t\t\t<style>\/*! elementor - v3.13.3 - 28-05-2023 *\/\nbody.elementor-page .elementor-widget-menu-anchor{margin-bottom:0}<\/style>\t\t<div id=\"ClickCommercial\" class=\"elementor-menu-anchor\"><\/div>\n\t\t\t\t<\/div>\n\t\t\t\t<\/div>\n\t\t\t\t\t<\/div>\n\t\t<\/div>\n\t\t\t\t\t\t\t<\/div>\n\t\t<\/section>\n\t\t\t\t<section class=\"elementor-section elementor-top-section elementor-element elementor-element-b58628d elementor-section-boxed elementor-section-height-default elementor-section-height-default\" data-id=\"b58628d\" data-element_type=\"section\">\n\t\t\t\t\t\t<div class=\"elementor-container elementor-column-gap-default\">\n\t\t\t\t\t<div class=\"elementor-column elementor-col-100 elementor-top-column elementor-element elementor-element-67242a1\" data-id=\"67242a1\" data-element_type=\"column\">\n\t\t\t<div class=\"elementor-widget-wrap elementor-element-populated\">\n\t\t\t\t\t\t\t\t<div class=\"elementor-element elementor-element-751b01b elementor-widget elementor-widget-spacer\" data-id=\"751b01b\" data-element_type=\"widget\" data-widget_type=\"spacer.default\">\n\t\t\t\t<div class=\"elementor-widget-container\">\n\t\t\t<style>\/*! elementor - v3.13.3 - 28-05-2023 *\/\n.elementor-column .elementor-spacer-inner{height:var(--spacer-size)}.e-con{--container-widget-width:100%}.e-con-inner>.elementor-widget-spacer,.e-con>.elementor-widget-spacer{width:var(--container-widget-width,var(--spacer-size));--align-self:var(--container-widget-align-self,initial);--flex-shrink:0}.e-con-inner>.elementor-widget-spacer>.elementor-widget-container,.e-con-inner>.elementor-widget-spacer>.elementor-widget-container>.elementor-spacer,.e-con>.elementor-widget-spacer>.elementor-widget-container,.e-con>.elementor-widget-spacer>.elementor-widget-container>.elementor-spacer{height:100%}.e-con-inner>.elementor-widget-spacer>.elementor-widget-container>.elementor-spacer>.elementor-spacer-inner,.e-con>.elementor-widget-spacer>.elementor-widget-container>.elementor-spacer>.elementor-spacer-inner{height:var(--container-widget-height,var(--spacer-size))}<\/style>\t\t<div class=\"elementor-spacer\">\n\t\t\t<div class=\"elementor-spacer-inner\"><\/div>\n\t\t<\/div>\n\t\t\t\t<\/div>\n\t\t\t\t<\/div>\n\t\t\t\t\t<\/div>\n\t\t<\/div>\n\t\t\t\t\t\t\t<\/div>\n\t\t<\/section>\n\t\t\t\t<section class=\"elementor-section elementor-top-section elementor-element elementor-element-9e86777 elementor-section-boxed elementor-section-height-default elementor-section-height-default\" data-id=\"9e86777\" data-element_type=\"section\">\n\t\t\t\t\t\t<div class=\"elementor-container elementor-column-gap-default\">\n\t\t\t\t\t<div class=\"elementor-column elementor-col-100 elementor-top-column elementor-element elementor-element-f81fc0b\" data-id=\"f81fc0b\" data-element_type=\"column\">\n\t\t\t<div class=\"elementor-widget-wrap elementor-element-populated\">\n\t\t\t\t\t\t\t\t<div class=\"elementor-element elementor-element-de86da3 elementor-widget elementor-widget-heading\" data-id=\"de86da3\" data-element_type=\"widget\" data-widget_type=\"heading.default\">\n\t\t\t\t<div class=\"elementor-widget-container\">\n\t\t\t<h2 class=\"elementor-heading-title elementor-size-default\">Public spaces<\/h2>\t\t<\/div>\n\t\t\t\t<\/div>\n\t\t\t\t<div class=\"elementor-element elementor-element-d59a422 elementor-widget elementor-widget-text-editor\" data-id=\"d59a422\" data-element_type=\"widget\" data-widget_type=\"text-editor.default\">\n\t\t\t\t<div class=\"elementor-widget-container\">\n\t\t\t\t\t\t\t<p>Atplast entrance mats are designed specially to various weather conditions in <br \/>the North and to endure demanding use<\/p><pre id=\"tw-target-text\" class=\"tw-data-text tw-text-large tw-ta\" dir=\"ltr\" data-placeholder=\"K\u00e4\u00e4nn\u00f6s\"><span class=\"Y2IQFc\" lang=\"sv\">Click photo for info<\/span><\/pre>\t\t\t\t\t\t<\/div>\n\t\t\t\t<\/div>\n\t\t\t\t<div class=\"elementor-element elementor-element-12bd4f9 elementor-grid-3 elementor-grid-tablet-2 elementor-grid-mobile-1 elementor-widget elementor-widget-portfolio\" data-id=\"12bd4f9\" data-element_type=\"widget\" data-settings=\"{&quot;row_gap&quot;:{&quot;unit&quot;:&quot;px&quot;,&quot;size&quot;:10,&quot;sizes&quot;:[]},&quot;columns&quot;:&quot;3&quot;,&quot;columns_tablet&quot;:&quot;2&quot;,&quot;columns_mobile&quot;:&quot;1&quot;,&quot;item_ratio&quot;:{&quot;unit&quot;:&quot;px&quot;,&quot;size&quot;:0.66000000000000003108624468950438313186168670654296875,&quot;sizes&quot;:[]},&quot;item_gap&quot;:{&quot;unit&quot;:&quot;px&quot;,&quot;size&quot;:&quot;&quot;,&quot;sizes&quot;:[]}}\" data-widget_type=\"portfolio.default\">\n\t\t\t\t<div class=\"elementor-widget-container\">\n\t\t\t<link rel=\"stylesheet\" href=\"https:\/\/www.atplast.se\/wp-content\/plugins\/elementor-pro\/assets\/css\/widget-posts.min.css\">\t\t<div class=\"elementor-portfolio elementor-grid elementor-posts-container\">\n\t\t\t\t<article class=\"elementor-portfolio-item elementor-post  post-33 post type-post status-publish format-standard has-post-thumbnail hentry category-entremattan category-offentlig-miljo\">\n\t\t\t<a class=\"elementor-post__thumbnail__link\" href=\"https:\/\/www.atplast.se\/en\/lejon-mattan\/\">\n\t\t\t\t<div class=\"elementor-portfolio-item__img elementor-post__thumbnail\">\n\t\t\t<img decoding=\"async\" width=\"300\" height=\"132\" src=\"https:\/\/www.atplast.se\/wp-content\/uploads\/2022\/11\/Leijona-1-300x132.jpg\" class=\"attachment-medium size-medium wp-image-41\" alt=\"Produktbild gr\u00e5 Lejon entremattor\" loading=\"lazy\" srcset=\"https:\/\/www.atplast.se\/wp-content\/uploads\/2022\/11\/Leijona-1-300x132.jpg 300w, https:\/\/www.atplast.se\/wp-content\/uploads\/2022\/11\/Leijona-1-768x338.jpg 768w, https:\/\/www.atplast.se\/wp-content\/uploads\/2022\/11\/Leijona-1.jpg 1024w\" sizes=\"(max-width: 300px) 100vw, 300px\" \/>\t\t<\/div>\n\t\t\t\t<div class=\"elementor-portfolio-item__overlay\">\n\t\t\t\t<h3 class=\"elementor-portfolio-item__title\">\n\t\tLeijona Original Entrance Mat\t\t<\/h3>\n\t\t\t\t<\/div>\n\t\t\t\t<\/a>\n\t\t<\/article>\n\t\t\t\t<article class=\"elementor-portfolio-item elementor-post  post-43 post type-post status-publish format-standard has-post-thumbnail hentry category-entremattan category-offentlig-miljo\">\n\t\t\t<a class=\"elementor-post__thumbnail__link\" href=\"https:\/\/www.atplast.se\/en\/ari-mattan\/\">\n\t\t\t\t<div class=\"elementor-portfolio-item__img elementor-post__thumbnail\">\n\t\t\t<img decoding=\"async\" width=\"300\" height=\"225\" src=\"https:\/\/www.atplast.se\/wp-content\/uploads\/2022\/11\/Arimatto-300x225.jpg\" class=\"attachment-medium size-medium wp-image-40\" alt=\"Entremattor f\u00f6r de varierande anv\u00e4ndning\" loading=\"lazy\" srcset=\"https:\/\/www.atplast.se\/wp-content\/uploads\/2022\/11\/Arimatto-300x225.jpg 300w, https:\/\/www.atplast.se\/wp-content\/uploads\/2022\/11\/Arimatto-1024x768.jpg 1024w, https:\/\/www.atplast.se\/wp-content\/uploads\/2022\/11\/Arimatto-768x576.jpg 768w, https:\/\/www.atplast.se\/wp-content\/uploads\/2022\/11\/Arimatto-1536x1152.jpg 1536w, https:\/\/www.atplast.se\/wp-content\/uploads\/2022\/11\/Arimatto-2048x1536.jpg 2048w\" sizes=\"(max-width: 300px) 100vw, 300px\" \/>\t\t<\/div>\n\t\t\t\t<div class=\"elementor-portfolio-item__overlay\">\n\t\t\t\t<h3 class=\"elementor-portfolio-item__title\">\n\t\tAri mat\t\t<\/h3>\n\t\t\t\t<\/div>\n\t\t\t\t<\/a>\n\t\t<\/article>\n\t\t\t\t<article class=\"elementor-portfolio-item elementor-post  post-460 post type-post status-publish format-standard has-post-thumbnail hentry category-entremattan category-offentlig-miljo\">\n\t\t\t<a class=\"elementor-post__thumbnail__link\" href=\"https:\/\/www.atplast.se\/en\/king-mattan\/\">\n\t\t\t\t<div class=\"elementor-portfolio-item__img elementor-post__thumbnail\">\n\t\t\t<img decoding=\"async\" width=\"300\" height=\"200\" src=\"https:\/\/www.atplast.se\/wp-content\/uploads\/2022\/11\/King-300x200.jpg\" class=\"attachment-medium size-medium wp-image-38\" alt=\"Produktbild king entremattor\" loading=\"lazy\" srcset=\"https:\/\/www.atplast.se\/wp-content\/uploads\/2022\/11\/King-300x200.jpg 300w, https:\/\/www.atplast.se\/wp-content\/uploads\/2022\/11\/King-768x512.jpg 768w, https:\/\/www.atplast.se\/wp-content\/uploads\/2022\/11\/King.jpg 1024w\" sizes=\"(max-width: 300px) 100vw, 300px\" \/>\t\t<\/div>\n\t\t\t\t<div class=\"elementor-portfolio-item__overlay\">\n\t\t\t\t<h3 class=\"elementor-portfolio-item__title\">\n\t\tKing mat\t\t<\/h3>\n\t\t\t\t<\/div>\n\t\t\t\t<\/a>\n\t\t<\/article>\n\t\t\t\t<article class=\"elementor-portfolio-item elementor-post  post-521 post type-post status-publish format-standard has-post-thumbnail hentry category-entremattan category-offentlig-miljo\">\n\t\t\t<a class=\"elementor-post__thumbnail__link\" href=\"https:\/\/www.atplast.se\/en\/lejon-economic\/\">\n\t\t\t\t<div class=\"elementor-portfolio-item__img elementor-post__thumbnail\">\n\t\t\t<img decoding=\"async\" width=\"300\" height=\"121\" src=\"https:\/\/www.atplast.se\/wp-content\/uploads\/2023\/05\/Economic-Produktbild-300x121.jpg\" class=\"attachment-medium size-medium wp-image-630\" alt=\"Produktbild lejon economic entremattor\" loading=\"lazy\" srcset=\"https:\/\/www.atplast.se\/wp-content\/uploads\/2023\/05\/Economic-Produktbild-300x121.jpg 300w, https:\/\/www.atplast.se\/wp-content\/uploads\/2023\/05\/Economic-Produktbild-1024x414.jpg 1024w, https:\/\/www.atplast.se\/wp-content\/uploads\/2023\/05\/Economic-Produktbild-768x310.jpg 768w, https:\/\/www.atplast.se\/wp-content\/uploads\/2023\/05\/Economic-Produktbild.jpg 1200w\" sizes=\"(max-width: 300px) 100vw, 300px\" \/>\t\t<\/div>\n\t\t\t\t<div class=\"elementor-portfolio-item__overlay\">\n\t\t\t\t<h3 class=\"elementor-portfolio-item__title\">\n\t\tLejon Economic\t\t<\/h3>\n\t\t\t\t<\/div>\n\t\t\t\t<\/a>\n\t\t<\/article>\n\t\t\t\t<article class=\"elementor-portfolio-item elementor-post  post-526 post type-post status-publish format-standard has-post-thumbnail hentry category-entremattan category-offentlig-miljo\">\n\t\t\t<a class=\"elementor-post__thumbnail__link\" href=\"https:\/\/www.atplast.se\/en\/lejon-baron\/\">\n\t\t\t\t<div class=\"elementor-portfolio-item__img elementor-post__thumbnail\">\n\t\t\t<img decoding=\"async\" width=\"300\" height=\"121\" src=\"https:\/\/www.atplast.se\/wp-content\/uploads\/2023\/05\/Baron-Produktbild-300x121.jpg\" class=\"attachment-medium size-medium wp-image-629\" alt=\"Produktbild baron entremattor\" loading=\"lazy\" srcset=\"https:\/\/www.atplast.se\/wp-content\/uploads\/2023\/05\/Baron-Produktbild-300x121.jpg 300w, https:\/\/www.atplast.se\/wp-content\/uploads\/2023\/05\/Baron-Produktbild-1024x414.jpg 1024w, https:\/\/www.atplast.se\/wp-content\/uploads\/2023\/05\/Baron-Produktbild-768x310.jpg 768w, https:\/\/www.atplast.se\/wp-content\/uploads\/2023\/05\/Baron-Produktbild.jpg 1200w\" sizes=\"(max-width: 300px) 100vw, 300px\" \/>\t\t<\/div>\n\t\t\t\t<div class=\"elementor-portfolio-item__overlay\">\n\t\t\t\t<h3 class=\"elementor-portfolio-item__title\">\n\t\tBaron mat\t\t<\/h3>\n\t\t\t\t<\/div>\n\t\t\t\t<\/a>\n\t\t<\/article>\n\t\t\t\t<\/div>\n\t\t\t\t<\/div>\n\t\t\t\t<\/div>\n\t\t\t\t<div class=\"elementor-element elementor-element-2ad95f1 elementor-widget elementor-widget-spacer\" data-id=\"2ad95f1\" data-element_type=\"widget\" data-widget_type=\"spacer.default\">\n\t\t\t\t<div class=\"elementor-widget-container\">\n\t\t\t\t\t<div class=\"elementor-spacer\">\n\t\t\t<div class=\"elementor-spacer-inner\"><\/div>\n\t\t<\/div>\n\t\t\t\t<\/div>\n\t\t\t\t<\/div>\n\t\t\t\t<div class=\"elementor-element elementor-element-6250112 elementor-widget elementor-widget-heading\" data-id=\"6250112\" data-element_type=\"widget\" data-widget_type=\"heading.default\">\n\t\t\t\t<div class=\"elementor-widget-container\">\n\t\t\t<h2 class=\"elementor-heading-title elementor-size-default\">Home interior<\/h2>\t\t<\/div>\n\t\t\t\t<\/div>\n\t\t\t\t<div class=\"elementor-element elementor-element-df6ebdc elementor-widget elementor-widget-text-editor\" data-id=\"df6ebdc\" data-element_type=\"widget\" data-widget_type=\"text-editor.default\">\n\t\t\t\t<div class=\"elementor-widget-container\">\n\t\t\t\t\t\t\t<p>Atplast door mat with open structure is perfect for various entrances to clean effectively the shoe soles before entering. Soft Step mats are designed for use in laundry room, saunas, dressing room and swimming pools.<\/p><pre id=\"tw-target-text\" class=\"tw-data-text tw-text-large tw-ta\" dir=\"ltr\" data-placeholder=\"K\u00e4\u00e4nn\u00f6s\"><span class=\"Y2IQFc\" lang=\"sv\">Click photo for info<\/span><\/pre>\t\t\t\t\t\t<\/div>\n\t\t\t\t<\/div>\n\t\t\t\t<div class=\"elementor-element elementor-element-a7a413c elementor-widget elementor-widget-menu-anchor\" data-id=\"a7a413c\" data-element_type=\"widget\" data-widget_type=\"menu-anchor.default\">\n\t\t\t\t<div class=\"elementor-widget-container\">\n\t\t\t\t\t<div id=\"ClickResidential\" class=\"elementor-menu-anchor\"><\/div>\n\t\t\t\t<\/div>\n\t\t\t\t<\/div>\n\t\t\t\t<div class=\"elementor-element elementor-element-145077f elementor-grid-3 elementor-grid-tablet-2 elementor-grid-mobile-1 elementor-widget elementor-widget-portfolio\" data-id=\"145077f\" data-element_type=\"widget\" data-settings=\"{&quot;row_gap&quot;:{&quot;unit&quot;:&quot;px&quot;,&quot;size&quot;:10,&quot;sizes&quot;:[]},&quot;columns&quot;:&quot;3&quot;,&quot;columns_tablet&quot;:&quot;2&quot;,&quot;columns_mobile&quot;:&quot;1&quot;,&quot;item_ratio&quot;:{&quot;unit&quot;:&quot;px&quot;,&quot;size&quot;:0.66000000000000003108624468950438313186168670654296875,&quot;sizes&quot;:[]},&quot;item_gap&quot;:{&quot;unit&quot;:&quot;px&quot;,&quot;size&quot;:&quot;&quot;,&quot;sizes&quot;:[]}}\" data-widget_type=\"portfolio.default\">\n\t\t\t\t<div class=\"elementor-widget-container\">\n\t\t\t\t\t<div class=\"elementor-portfolio elementor-grid elementor-posts-container\">\n\t\t\t\t<article class=\"elementor-portfolio-item elementor-post  post-162 post type-post status-publish format-standard has-post-thumbnail hentry category-bostads category-softstep\">\n\t\t\t<a class=\"elementor-post__thumbnail__link\" href=\"https:\/\/www.atplast.se\/en\/softstep-mattan\/\">\n\t\t\t\t<div class=\"elementor-portfolio-item__img elementor-post__thumbnail\">\n\t\t\t<img decoding=\"async\" width=\"300\" height=\"189\" src=\"https:\/\/www.atplast.se\/wp-content\/uploads\/2022\/11\/Softstep-300x189.jpg\" class=\"attachment-medium size-medium wp-image-180\" alt=\"Produktbild f\u00f6r stenvit, navy-bl\u00e5, ljusgr\u00e5, petrol och svart badrumsmattor\" loading=\"lazy\" srcset=\"https:\/\/www.atplast.se\/wp-content\/uploads\/2022\/11\/Softstep-300x189.jpg 300w, https:\/\/www.atplast.se\/wp-content\/uploads\/2022\/11\/Softstep.jpg 642w\" sizes=\"(max-width: 300px) 100vw, 300px\" \/>\t\t<\/div>\n\t\t\t\t<div class=\"elementor-portfolio-item__overlay\">\n\t\t\t\t<h3 class=\"elementor-portfolio-item__title\">\n\t\tSoftStep mat\t\t<\/h3>\n\t\t\t\t<\/div>\n\t\t\t\t<\/a>\n\t\t<\/article>\n\t\t\t\t<article class=\"elementor-portfolio-item elementor-post  post-202 post type-post status-publish format-standard has-post-thumbnail hentry category-bostads category-skrapmattan\">\n\t\t\t<a class=\"elementor-post__thumbnail__link\" href=\"https:\/\/www.atplast.se\/en\/bitskrapmattan\/\">\n\t\t\t\t<div class=\"elementor-portfolio-item__img elementor-post__thumbnail\">\n\t\t\t<img decoding=\"async\" width=\"300\" height=\"223\" src=\"https:\/\/www.atplast.se\/wp-content\/uploads\/2022\/11\/DisplayBitskrapmattan-300x223.png\" class=\"attachment-medium size-medium wp-image-181\" alt=\"Produktbild bit skrapmatta butiksf\u00f6rpackning\" loading=\"lazy\" srcset=\"https:\/\/www.atplast.se\/wp-content\/uploads\/2022\/11\/DisplayBitskrapmattan-300x223.png 300w, https:\/\/www.atplast.se\/wp-content\/uploads\/2022\/11\/DisplayBitskrapmattan.png 643w\" sizes=\"(max-width: 300px) 100vw, 300px\" \/>\t\t<\/div>\n\t\t\t\t<div class=\"elementor-portfolio-item__overlay\">\n\t\t\t\t<h3 class=\"elementor-portfolio-item__title\">\n\t\tGrass door mat (pieces)\t\t<\/h3>\n\t\t\t\t<\/div>\n\t\t\t\t<\/a>\n\t\t<\/article>\n\t\t\t\t<article class=\"elementor-portfolio-item elementor-post  post-204 post type-post status-publish format-standard has-post-thumbnail hentry category-bostads category-skrapmattan\">\n\t\t\t<a class=\"elementor-post__thumbnail__link\" href=\"https:\/\/www.atplast.se\/en\/rullgrasmattan\/\">\n\t\t\t\t<div class=\"elementor-portfolio-item__img elementor-post__thumbnail\">\n\t\t\t<img decoding=\"async\" width=\"243\" height=\"300\" src=\"https:\/\/www.atplast.se\/wp-content\/uploads\/2022\/11\/GRASSROLL1-243x300.jpg\" class=\"attachment-medium size-medium wp-image-375\" alt=\"Rullgr\u00e4ssmatta produktbild, m\u00f6rkbrun, gr\u00f6n och ljusgr\u00e5 f\u00e4rger\" loading=\"lazy\" srcset=\"https:\/\/www.atplast.se\/wp-content\/uploads\/2022\/11\/GRASSROLL1-243x300.jpg 243w, https:\/\/www.atplast.se\/wp-content\/uploads\/2022\/11\/GRASSROLL1-830x1024.jpg 830w, https:\/\/www.atplast.se\/wp-content\/uploads\/2022\/11\/GRASSROLL1-768x947.jpg 768w, https:\/\/www.atplast.se\/wp-content\/uploads\/2022\/11\/GRASSROLL1-1245x1536.jpg 1245w, https:\/\/www.atplast.se\/wp-content\/uploads\/2022\/11\/GRASSROLL1-1661x2048.jpg 1661w\" sizes=\"(max-width: 243px) 100vw, 243px\" \/>\t\t<\/div>\n\t\t\t\t<div class=\"elementor-portfolio-item__overlay\">\n\t\t\t\t<h3 class=\"elementor-portfolio-item__title\">\n\t\tGrass mat on roll\t\t<\/h3>\n\t\t\t\t<\/div>\n\t\t\t\t<\/a>\n\t\t<\/article>\n\t\t\t\t<article class=\"elementor-portfolio-item elementor-post  post-206 post type-post status-publish format-standard has-post-thumbnail hentry category-bostads category-skrapmattan\">\n\t\t\t<a class=\"elementor-post__thumbnail__link\" href=\"https:\/\/www.atplast.se\/en\/fjader-mattan\/\">\n\t\t\t\t<div class=\"elementor-portfolio-item__img elementor-post__thumbnail\">\n\t\t\t<img decoding=\"async\" width=\"283\" height=\"296\" src=\"https:\/\/www.atplast.se\/wp-content\/uploads\/2022\/11\/Fjader.jpg\" class=\"attachment-medium size-medium wp-image-178\" alt=\"Produktbild fj\u00e4dermatta, fj\u00e4dermatta har gallermatta design\" loading=\"lazy\" \/>\t\t<\/div>\n\t\t\t\t<div class=\"elementor-portfolio-item__overlay\">\n\t\t\t\t<h3 class=\"elementor-portfolio-item__title\">\n\t\tFeather mat\t\t<\/h3>\n\t\t\t\t<\/div>\n\t\t\t\t<\/a>\n\t\t<\/article>\n\t\t\t\t<\/div>\n\t\t\t\t<\/div>\n\t\t\t\t<\/div>\n\t\t\t\t<div class=\"elementor-element elementor-element-38fa253 elementor-widget elementor-widget-spacer\" data-id=\"38fa253\" data-element_type=\"widget\" data-widget_type=\"spacer.default\">\n\t\t\t\t<div class=\"elementor-widget-container\">\n\t\t\t\t\t<div class=\"elementor-spacer\">\n\t\t\t<div class=\"elementor-spacer-inner\"><\/div>\n\t\t<\/div>\n\t\t\t\t<\/div>\n\t\t\t\t<\/div>\n\t\t\t\t\t<\/div>\n\t\t<\/div>\n\t\t\t\t\t\t\t<\/div>\n\t\t<\/section>\n\t\t\t\t\t\t\t<\/div>","protected":false},"excerpt":{"rendered":"<p>Atplast produkter Offentlig milj\u00f6 Atplast entr\u00e9mattan \u00e4r utvecklad speciellt f\u00f6r de varierande v\u00e4derleksf\u00f6rh\u00e5llandena i Norden och f\u00f6r kr\u00e4vande bruk Klicka p\u00e5 bilden f\u00f6r info Bostad Atplast skrapmattan med en \u00f6ppen konstruktion passar utm\u00e4rkt till olika entr\u00e9er f\u00f6r att effektivt reng\u00f6ra skosulorna f\u00f6re ing\u00e5ng och SoftStep-mattan \u00e4r avsedd f\u00f6r anv\u00e4ndning i tv\u00e4ttstuga, bastu, omkl\u00e4dningsrum och simhallar. [&hellip;]<\/p>","protected":false},"author":1,"featured_media":0,"parent":0,"menu_order":0,"comment_status":"closed","ping_status":"closed","template":"","meta":[],"_links":{"self":[{"href":"https:\/\/www.atplast.se\/en\/wp-json\/wp\/v2\/pages\/364"}],"collection":[{"href":"https:\/\/www.atplast.se\/en\/wp-json\/wp\/v2\/pages"}],"about":[{"href":"https:\/\/www.atplast.se\/en\/wp-json\/wp\/v2\/types\/page"}],"author":[{"embeddable":true,"href":"https:\/\/www.atplast.se\/en\/wp-json\/wp\/v2\/users\/1"}],"replies":[{"embeddable":true,"href":"https:\/\/www.atplast.se\/en\/wp-json\/wp\/v2\/comments?post=364"}],"version-history":[{"count":89,"href":"https:\/\/www.atplast.se\/en\/wp-json\/wp\/v2\/pages\/364\/revisions"}],"predecessor-version":[{"id":1154,"href":"https:\/\/www.atplast.se\/en\/wp-json\/wp\/v2\/pages\/364\/revisions\/1154"}],"wp:attachment":[{"href":"https:\/\/www.atplast.se\/en\/wp-json\/wp\/v2\/media?parent=364"}],"curies":[{"name":"wp","href":"https:\/\/api.w.org\/{rel}","templated":true}]}}